{"id":10439,"date":"2023-09-27T11:30:12","date_gmt":"2023-09-27T09:30:12","guid":{"rendered":"https:\/\/www.strueby.ch\/wp2023\/leistungen\/geschaeftsfelder\/bauen-ausserhalb-der-bauzone\/gewerbe-und-landwirtschaftsbauten-ausserhalb-der-bauzone\/"},"modified":"2023-11-21T13:13:54","modified_gmt":"2023-11-21T12:13:54","slug":"batiments-commerciaux-et-agricoles-situe-hors-zone-batir","status":"publish","type":"page","link":"https:\/\/www.strueby.ch\/fr\/prestations\/construire-hors-zone-a-batir\/batiments-commerciaux-et-agricoles-situe-hors-zone-batir\/","title":{"rendered":"B\u00e2timents commerciaux et agricoles situ\u00e9 hors zone b\u00e2tir"},"content":{"rendered":"","protected":false},"excerpt":{"rendered":"","protected":false},"author":2,"featured_media":0,"parent":10434,"menu_order":88,"comment_status":"closed","ping_status":"closed","template":"page_flexible.php","meta":{"_acf_changed":false,"footnotes":"","_wp_rev_ctl_limit":""},"class_list":["post-10439","page","type-page","status-publish","hentry"],"acf":[],"_links":{"self":[{"href":"https:\/\/www.strueby.ch\/fr\/wp-json\/wp\/v2\/pages\/10439","targetHints":{"allow":["GET"]}}],"collection":[{"href":"https:\/\/www.strueby.ch\/fr\/wp-json\/wp\/v2\/pages"}],"about":[{"href":"https:\/\/www.strueby.ch\/fr\/wp-json\/wp\/v2\/types\/page"}],"author":[{"embeddable":true,"href":"https:\/\/www.strueby.ch\/fr\/wp-json\/wp\/v2\/users\/2"}],"replies":[{"embeddable":true,"href":"https:\/\/www.strueby.ch\/fr\/wp-json\/wp\/v2\/comments?post=10439"}],"version-history":[{"count":0,"href":"https:\/\/www.strueby.ch\/fr\/wp-json\/wp\/v2\/pages\/10439\/revisions"}],"up":[{"embeddable":true,"href":"https:\/\/www.strueby.ch\/fr\/wp-json\/wp\/v2\/pages\/10434"}],"wp:attachment":[{"href":"https:\/\/www.strueby.ch\/fr\/wp-json\/wp\/v2\/media?parent=10439"}],"curies":[{"name":"wp","href":"https:\/\/api.w.org\/{rel}","templated":true}]}}